{"id":21,"date":"2019-06-19T11:15:40","date_gmt":"2019-06-19T11:15:40","guid":{"rendered":"http:\/\/space.xtemos.com\/demo\/lumen\/?page_id=21"},"modified":"2025-04-23T19:25:36","modified_gmt":"2025-04-23T16:25:36","slug":"hakkimizda","status":"publish","type":"page","link":"https:\/\/kempasiplik.com\/en\/hakkimizda\/","title":{"rendered":"About"},"content":{"rendered":"<div data-elementor-type=\"wp-page\" data-elementor-id=\"21\" class=\"elementor elementor-21\">\n\t\t\t\t\t\t<section class=\"xts-negative-gap elementor-section elementor-top-section elementor-element elementor-element-d2ee029 elementor-section-content-middle elementor-reverse-tablet elementor-reverse-mobile elementor-section-boxed elementor-section-height-default elementor-section-height-default xts-section-disabled\" data-id=\"d2ee029\" data-element_type=\"section\">\n\t\t\t\t\t\t<div class=\"elementor-container elementor-column-gap-wider\">\n\t\t\t\t\t<div class=\"elementor-column elementor-col-50 elementor-top-column elementor-element elementor-element-2468443\" data-id=\"2468443\" data-element_type=\"column\">\n\t\t\t<div class=\"elementor-widget-wrap elementor-element-populated\">\n\t\t\t\t\t\t<div class=\"elementor-element elementor-element-0fbc067 elementor-widget elementor-widget-xts_image\" data-id=\"0fbc067\" data-element_type=\"widget\" data-widget_type=\"xts_image.default\">\n\t\t\t\t<div class=\"elementor-widget-container\">\n\t\t\t\t\t\t\t\t<div class=\"xts-image-single xts-textalign-center\">\n\t\t\t\t<figure class=\"xts-image\">\n\t\t\t\t\t\t\t\t\t\t\t<div class=\"xts-image-inner\">\n\t\t\t\t\t\n\t\t\t\t\t\t<img fetchpriority=\"high\" decoding=\"async\" width=\"600\" height=\"500\" src=\"https:\/\/kempasiplik.com\/wp-content\/uploads\/2025\/04\/kempas-sol.png\" class=\"attachment-full size-full wp-image-3341\" alt=\"\" srcset=\"https:\/\/kempasiplik.com\/wp-content\/uploads\/2025\/04\/kempas-sol.png 600w, https:\/\/kempasiplik.com\/wp-content\/uploads\/2025\/04\/kempas-sol-500x417.png 500w, https:\/\/kempasiplik.com\/wp-content\/uploads\/2025\/04\/kempas-sol-450x375.png 450w, https:\/\/kempasiplik.com\/wp-content\/uploads\/2025\/04\/kempas-sol-200x167.png 200w\" sizes=\"(max-width: 600px) 100vw, 600px\" \/>\n\t\t\t\t\t\t\t\t\t\t\t<\/div>\n\t\t\t\t\t\n\t\t\t\t\t\t\t\t\t<\/figure>\n\n\t\t\t\t\t\t\t<\/div>\n\t\t\t\t\t\t<\/div>\n\t\t\t\t<\/div>\n\t\t\t\t\t<\/div>\n\t\t<\/div>\n\t\t\t\t<div class=\"elementor-column elementor-col-50 elementor-top-column elementor-element elementor-element-b8b5075\" data-id=\"b8b5075\" data-element_type=\"column\">\n\t\t\t<div class=\"elementor-widget-wrap elementor-element-populated\">\n\t\t\t\t\t\t<div class=\"elementor-element elementor-element-3a5a684d xts-width-100 elementor-widget elementor-widget-xts_title\" data-id=\"3a5a684d\" data-element_type=\"widget\" data-widget_type=\"xts_title.default\">\n\t\t\t\t<div class=\"elementor-widget-container\">\n\t\t\t\t\t\t\t\t<div class=\"xts-section-heading xts-reset-mb-10 xts-reset-last xts-textalign-left\" data-animation-delay=\"\">\n\t\t\t\t\n\t\t\t\t\t\t\t\t\t<h4 class=\"xts-section-title title xts-design-default xts-fontsize-xl\">\n\t\t\t\t\t\t<span class=\"xts-section-title-text\" data-elementor-setting-key=\"title\">\n\t\t\t\t\t\t\tKempa\u015f \u0130plik\t\t\t\t\t\t<\/span>\n\n\t\t\t\t\t\t\t\t\t\t\t<\/h4>\n\t\t\t\t\n\t\t\t\t\n\t\t\t\t\t\t\t<\/div>\n\t\t\t\t\t\t<\/div>\n\t\t\t\t<\/div>\n\t\t\t\t<div class=\"elementor-element elementor-element-70cf4630 elementor-widget-tablet__width-inherit xts-scheme-inherit xts-textalign-inherit elementor-widget elementor-widget-text-editor\" data-id=\"70cf4630\" data-element_type=\"widget\" data-widget_type=\"text-editor.default\">\n\t\t\t\t<div class=\"elementor-widget-container\">\n\t\t\t\t\t\t\t\t\t<p>We have strengthened our textile adventure that started in 1956 with \"nature-friendly\" production today.<br \/>With our Kempa\u015f \u0130plik sustainable yarns, we are pioneers in offering sustainable yarn production with almost zero climate footprint.<\/p><p>With our 70 years of textile experience, we are the leader in T\u00fcrkiye in producing 100% completely recycled yarns with our Open-End Recycled Cotton Recycled Polyester blended products in a 50,000 m\u00b2 area.<\/p><p>We protect nature and contribute to sustainable life by producing Regenerated Yarn and Recycled Yarn. While producing all these, we use completely green energy with photovoltaic solar energy systems over 5.00 MW.<\/p><p>Kempa\u015f \u0130plik is not only a Regenerated Yarn and Recycled Yarn producer, but also a nature-friendly producer.<br \/>We meet the needs of world-famous brands by making completely sustainable production.<\/p>\t\t\t\t\t\t\t\t<\/div>\n\t\t\t\t<\/div>\n\t\t\t\t\t<\/div>\n\t\t<\/div>\n\t\t\t\t\t<\/div>\n\t\t<\/section>\n\t\t\t\t<\/div>","protected":false},"excerpt":{"rendered":"<p>Kempa\u015f \u0130plik 1956&#8217;da ba\u015flayan tekstil ser\u00fcvenimizi g\u00fcn\u00fcm\u00fczde &#8220;do\u011faya sayg\u0131l\u0131&#8221; \u00fcretim ile g\u00fc\u00e7lendirdik.Kempa\u015f \u0130plik s\u00fcrd\u00fcr\u00fclebilir ipliklerimizle, neredeyse s\u0131f\u0131r iklim ayak iziyle s\u00fcrd\u00fcr\u00fclebilir iplik \u00fcretimi sunmada \u00f6nc\u00fcy\u00fcz. 70 y\u0131ll\u0131k tekstil tecr\u00fcbesi ile 50.000m\u00b2 alanda Open-End Recycled Pamuk Recycled Polyester kar\u0131\u015f\u0131ml\u0131 \u00fcr\u00fcnlerimizle, %100 tamamen geri d\u00f6n\u00fc\u015ft\u00fcr\u00fclm\u00fc\u015f iplikler \u00fcretmekte T\u00fcrkiye&#8217;de lideriz. Rejenere \u0130plik ve Geri D\u00f6n\u00fc\u015ft\u00fcr\u00fclm\u00fc\u015f iplik \u00fcreterek do\u011fay\u0131 [&hellip;]<\/p>","protected":false},"author":1,"featured_media":0,"parent":0,"menu_order":0,"comment_status":"closed","ping_status":"closed","template":"","meta":{"footnotes":""},"class_list":["post-21","page","type-page","status-publish","hentry"],"_links":{"self":[{"href":"https:\/\/kempasiplik.com\/en\/wp-json\/wp\/v2\/pages\/21","targetHints":{"allow":["GET"]}}],"collection":[{"href":"https:\/\/kempasiplik.com\/en\/wp-json\/wp\/v2\/pages"}],"about":[{"href":"https:\/\/kempasiplik.com\/en\/wp-json\/wp\/v2\/types\/page"}],"author":[{"embeddable":true,"href":"https:\/\/kempasiplik.com\/en\/wp-json\/wp\/v2\/users\/1"}],"replies":[{"embeddable":true,"href":"https:\/\/kempasiplik.com\/en\/wp-json\/wp\/v2\/comments?post=21"}],"version-history":[{"count":5,"href":"https:\/\/kempasiplik.com\/en\/wp-json\/wp\/v2\/pages\/21\/revisions"}],"predecessor-version":[{"id":3524,"href":"https:\/\/kempasiplik.com\/en\/wp-json\/wp\/v2\/pages\/21\/revisions\/3524"}],"wp:attachment":[{"href":"https:\/\/kempasiplik.com\/en\/wp-json\/wp\/v2\/media?parent=21"}],"curies":[{"name":"wp","href":"https:\/\/api.w.org\/{rel}","templated":true}]}}