{"id":3345,"date":"2025-04-23T19:28:21","date_gmt":"2025-04-23T16:28:21","guid":{"rendered":"https:\/\/kempasiplik.com\/?page_id=3345"},"modified":"2025-05-01T22:36:59","modified_gmt":"2025-05-01T19:36:59","slug":"recycled-iplik","status":"publish","type":"page","link":"https:\/\/kempasiplik.com\/en\/recycled-iplik\/","title":{"rendered":"Recycled Yarn"},"content":{"rendered":"<div data-elementor-type=\"wp-page\" data-elementor-id=\"3345\" class=\"elementor elementor-3345\">\n\t\t\t\t\t\t<section class=\"xts-negative-gap elementor-section elementor-top-section elementor-element elementor-element-d2ee029 elementor-section-content-middle elementor-reverse-tablet elementor-reverse-mobile elementor-section-boxed elementor-section-height-default elementor-section-height-default xts-section-disabled\" data-id=\"d2ee029\" data-element_type=\"section\">\n\t\t\t\t\t\t<div class=\"elementor-container elementor-column-gap-wider\">\n\t\t\t\t\t<div class=\"elementor-column elementor-col-50 elementor-top-column elementor-element elementor-element-2468443\" data-id=\"2468443\" data-element_type=\"column\">\n\t\t\t<div class=\"elementor-widget-wrap elementor-element-populated\">\n\t\t\t\t\t\t<div class=\"elementor-element elementor-element-0fbc067 elementor-widget elementor-widget-xts_image\" data-id=\"0fbc067\" data-element_type=\"widget\" data-widget_type=\"xts_image.default\">\n\t\t\t\t<div class=\"elementor-widget-container\">\n\t\t\t\t\t\t\t\t<div class=\"xts-image-single xts-textalign-center\">\n\t\t\t\t<figure class=\"xts-image\">\n\t\t\t\t\t\t\t\t\t\t\t<div class=\"xts-image-inner\">\n\t\t\t\t\t\n\t\t\t\t\t\t<img fetchpriority=\"high\" decoding=\"async\" width=\"600\" height=\"500\" src=\"https:\/\/kempasiplik.com\/wp-content\/uploads\/2025\/04\/urun1.jpg\" class=\"attachment-full size-full wp-image-3348\" alt=\"\" srcset=\"https:\/\/kempasiplik.com\/wp-content\/uploads\/2025\/04\/urun1.jpg 600w, https:\/\/kempasiplik.com\/wp-content\/uploads\/2025\/04\/urun1-500x417.jpg 500w, https:\/\/kempasiplik.com\/wp-content\/uploads\/2025\/04\/urun1-450x375.jpg 450w, https:\/\/kempasiplik.com\/wp-content\/uploads\/2025\/04\/urun1-200x167.jpg 200w\" sizes=\"(max-width: 600px) 100vw, 600px\" \/>\n\t\t\t\t\t\t\t\t\t\t\t<\/div>\n\t\t\t\t\t\n\t\t\t\t\t\t\t\t\t<\/figure>\n\n\t\t\t\t\t\t\t<\/div>\n\t\t\t\t\t\t<\/div>\n\t\t\t\t<\/div>\n\t\t\t\t\t<\/div>\n\t\t<\/div>\n\t\t\t\t<div class=\"elementor-column elementor-col-50 elementor-top-column elementor-element elementor-element-b8b5075\" data-id=\"b8b5075\" data-element_type=\"column\">\n\t\t\t<div class=\"elementor-widget-wrap elementor-element-populated\">\n\t\t\t\t\t\t<div class=\"elementor-element elementor-element-3a5a684d xts-width-100 elementor-widget elementor-widget-xts_title\" data-id=\"3a5a684d\" data-element_type=\"widget\" data-widget_type=\"xts_title.default\">\n\t\t\t\t<div class=\"elementor-widget-container\">\n\t\t\t\t\t\t\t\t<div class=\"xts-section-heading xts-reset-mb-10 xts-reset-last xts-textalign-left\" data-animation-delay=\"\">\n\t\t\t\t\n\t\t\t\t\t\t\t\t\t<h4 class=\"xts-section-title title xts-design-default xts-fontsize-xl\">\n\t\t\t\t\t\t<span class=\"xts-section-title-text\" data-elementor-setting-key=\"title\">\n\t\t\t\t\t\t\tRecycled Yarn\t\t\t\t\t\t<\/span>\n\n\t\t\t\t\t\t\t\t\t\t\t<\/h4>\n\t\t\t\t\n\t\t\t\t\n\t\t\t\t\t\t\t<\/div>\n\t\t\t\t\t\t<\/div>\n\t\t\t\t<\/div>\n\t\t\t\t<div class=\"elementor-element elementor-element-70cf4630 elementor-widget-tablet__width-inherit elementor-widget__width-initial xts-scheme-inherit xts-textalign-inherit elementor-widget elementor-widget-text-editor\" data-id=\"70cf4630\" data-element_type=\"widget\" data-widget_type=\"text-editor.default\">\n\t\t\t\t<div class=\"elementor-widget-container\">\n\t\t\t\t\t\t\t\t\t<p class=\"\" data-start=\"136\" data-end=\"682\">As Kempa\u015f \u0130plik, we attach great importance to developing environmentally friendly products with our environmentally sensitive production approach. In line with this vision, our Recycled yarns are produced by re-evaluating textile waste. Textile products that have completed their lifespan or excess fabrics are transformed into yarn through special processes, thus preventing waste of resources and minimizing damage to nature.<\/p><p class=\"\" data-start=\"684\" data-end=\"1098\">Recycled yarns offer a sustainable production option that reduces environmental impact without compromising quality and durability.<\/p>\t\t\t\t\t\t\t\t<\/div>\n\t\t\t\t<\/div>\n\t\t\t\t<div class=\"elementor-element elementor-element-4ac51ba elementor-widget-tablet__width-inherit elementor-widget__width-initial xts-scheme-inherit xts-textalign-inherit elementor-widget elementor-widget-text-editor\" data-id=\"4ac51ba\" data-element_type=\"widget\" data-widget_type=\"text-editor.default\">\n\t\t\t\t<div class=\"elementor-widget-container\">\n\t\t\t\t\t\t\t\t\t<p>Ne 30\/1 &#8211; %50 Recycled Cotton \/ %50 Recycled Polyester<\/p>\n<p><span style=\"font-family: Jost, Arial, Helvetica, sans-serif; font-size: 16px; font-style: normal; font-variant-ligatures: normal; font-variant-caps: normal; font-weight: 400;\">Ne 24\/1 &#8211; %50 Recycled Cotton \/ %50 Recycled Polyester<\/span><\/p>\n<p>Ne 20\/1 &#8211; %65 Recycled Cotton \/ %35 Recycled Polyester<\/p>\n<p>Ne 16\/1 &#8211; %70 Recycled Cotton \/ % 30 Recycled Polyester<\/p>\n<p>Ne 12\/1 &#8211; %75 Recycled Cotton \/ % 25 Recycled Polyester<\/p>\t\t\t\t\t\t\t\t<\/div>\n\t\t\t\t<\/div>\n\t\t\t\t\t<\/div>\n\t\t<\/div>\n\t\t\t\t\t<\/div>\n\t\t<\/section>\n\t\t\t\t<section class=\"xts-negative-gap elementor-section elementor-top-section elementor-element elementor-element-ebbd7ef elementor-section-content-middle elementor-reverse-tablet elementor-reverse-mobile elementor-section-boxed elementor-section-height-default elementor-section-height-default xts-section-disabled\" data-id=\"ebbd7ef\" data-element_type=\"section\">\n\t\t\t\t\t\t<div class=\"elementor-container elementor-column-gap-wider\">\n\t\t\t\t\t<div class=\"elementor-column elementor-col-100 elementor-top-column elementor-element elementor-element-bde62d5\" data-id=\"bde62d5\" data-element_type=\"column\">\n\t\t\t<div class=\"elementor-widget-wrap elementor-element-populated\">\n\t\t\t\t\t\t<div class=\"elementor-element elementor-element-9ffdbab elementor-widget-tablet__width-inherit xts-textalign-center xts-scheme-inherit elementor-widget elementor-widget-text-editor\" data-id=\"9ffdbab\" data-element_type=\"widget\" data-widget_type=\"text-editor.default\">\n\t\t\t\t<div class=\"elementor-widget-container\">\n\t\t\t\t\t\t\t\t\t<p class=\"\" data-start=\"684\" data-end=\"1098\">While the need for environmentally friendly solutions in the fashion and textile industry increases day by day, our Recycled yarns respond to this need with high performance and aesthetic appearance. They also appeal to the various design needs of our customers with different color and mixture options.<br \/><br \/>As Kempa\u015f \u0130plik, we act with environmental awareness in our production processes and demonstrate a respectful approach to nature with our products that support recycling. We offer both quality and sustainability together with Recycled yarn and work to leave a cleaner world for the future.<\/p>\t\t\t\t\t\t\t\t<\/div>\n\t\t\t\t<\/div>\n\t\t\t\t\t<\/div>\n\t\t<\/div>\n\t\t\t\t\t<\/div>\n\t\t<\/section>\n\t\t\t\t<\/div>","protected":false},"excerpt":{"rendered":"<p>Geri D\u00f6n\u00fc\u015ft\u00fcr\u00fclm\u00fc\u015f (Recycled) \u0130plik Kempa\u015f \u0130plik olarak do\u011faya duyarl\u0131 \u00fcretim anlay\u0131\u015f\u0131m\u0131zla, \u00e7evre dostu \u00fcr\u00fcnler geli\u015ftirmeye b\u00fcy\u00fck \u00f6nem veriyoruz. Bu vizyon do\u011frultusunda sundu\u011fumuz Recycled (geri d\u00f6n\u00fc\u015ft\u00fcr\u00fclm\u00fc\u015f) ipliklerimiz, tekstil at\u0131klar\u0131n\u0131n yeniden de\u011ferlendirilmesiyle \u00fcretilmektedir. Kullan\u0131m \u00f6mr\u00fcn\u00fc tamamlam\u0131\u015f tekstil \u00fcr\u00fcnleri veya \u00fcretim fazlas\u0131 kuma\u015flar, \u00f6zel i\u015flemlerden ge\u00e7irilerek ipli\u011fe d\u00f6n\u00fc\u015ft\u00fcr\u00fcl\u00fcr ve b\u00f6ylece hem kaynak israf\u0131n\u0131n \u00f6n\u00fcne ge\u00e7ilir hem de do\u011faya [&hellip;]<\/p>","protected":false},"author":1,"featured_media":0,"parent":0,"menu_order":0,"comment_status":"closed","ping_status":"closed","template":"","meta":{"footnotes":""},"class_list":["post-3345","page","type-page","status-publish","hentry"],"_links":{"self":[{"href":"https:\/\/kempasiplik.com\/en\/wp-json\/wp\/v2\/pages\/3345","targetHints":{"allow":["GET"]}}],"collection":[{"href":"https:\/\/kempasiplik.com\/en\/wp-json\/wp\/v2\/pages"}],"about":[{"href":"https:\/\/kempasiplik.com\/en\/wp-json\/wp\/v2\/types\/page"}],"author":[{"embeddable":true,"href":"https:\/\/kempasiplik.com\/en\/wp-json\/wp\/v2\/users\/1"}],"replies":[{"embeddable":true,"href":"https:\/\/kempasiplik.com\/en\/wp-json\/wp\/v2\/comments?post=3345"}],"version-history":[{"count":7,"href":"https:\/\/kempasiplik.com\/en\/wp-json\/wp\/v2\/pages\/3345\/revisions"}],"predecessor-version":[{"id":3500,"href":"https:\/\/kempasiplik.com\/en\/wp-json\/wp\/v2\/pages\/3345\/revisions\/3500"}],"wp:attachment":[{"href":"https:\/\/kempasiplik.com\/en\/wp-json\/wp\/v2\/media?parent=3345"}],"curies":[{"name":"wp","href":"https:\/\/api.w.org\/{rel}","templated":true}]}}