{"id":3364,"date":"2025-04-23T19:38:36","date_gmt":"2025-04-23T16:38:36","guid":{"rendered":"https:\/\/kempasiplik.com\/?page_id=3364"},"modified":"2025-04-23T19:39:32","modified_gmt":"2025-04-23T16:39:32","slug":"keten-efektli","status":"publish","type":"page","link":"https:\/\/kempasiplik.com\/en\/keten-efektli\/","title":{"rendered":"Linen Effect"},"content":{"rendered":"<div data-elementor-type=\"wp-page\" data-elementor-id=\"3364\" class=\"elementor elementor-3364\">\n\t\t\t\t\t\t<section class=\"xts-negative-gap elementor-section elementor-top-section elementor-element elementor-element-d2ee029 elementor-section-content-middle elementor-reverse-tablet elementor-reverse-mobile elementor-section-boxed elementor-section-height-default elementor-section-height-default xts-section-disabled\" data-id=\"d2ee029\" data-element_type=\"section\">\n\t\t\t\t\t\t<div class=\"elementor-container elementor-column-gap-wider\">\n\t\t\t\t\t<div class=\"elementor-column elementor-col-50 elementor-top-column elementor-element elementor-element-2468443\" data-id=\"2468443\" data-element_type=\"column\">\n\t\t\t<div class=\"elementor-widget-wrap elementor-element-populated\">\n\t\t\t\t\t\t<div class=\"elementor-element elementor-element-0fbc067 elementor-widget elementor-widget-xts_image\" data-id=\"0fbc067\" data-element_type=\"widget\" data-widget_type=\"xts_image.default\">\n\t\t\t\t<div class=\"elementor-widget-container\">\n\t\t\t\t\t\t\t\t<div class=\"xts-image-single xts-textalign-center\">\n\t\t\t\t<figure class=\"xts-image\">\n\t\t\t\t\t\t\t\t\t\t\t<div class=\"xts-image-inner\">\n\t\t\t\t\t\n\t\t\t\t\t\t<img fetchpriority=\"high\" decoding=\"async\" width=\"600\" height=\"500\" src=\"https:\/\/kempasiplik.com\/wp-content\/uploads\/2025\/04\/urun1.jpg\" class=\"attachment-full size-full wp-image-3348\" alt=\"\" srcset=\"https:\/\/kempasiplik.com\/wp-content\/uploads\/2025\/04\/urun1.jpg 600w, https:\/\/kempasiplik.com\/wp-content\/uploads\/2025\/04\/urun1-500x417.jpg 500w, https:\/\/kempasiplik.com\/wp-content\/uploads\/2025\/04\/urun1-450x375.jpg 450w, https:\/\/kempasiplik.com\/wp-content\/uploads\/2025\/04\/urun1-200x167.jpg 200w\" sizes=\"(max-width: 600px) 100vw, 600px\" \/>\n\t\t\t\t\t\t\t\t\t\t\t<\/div>\n\t\t\t\t\t\n\t\t\t\t\t\t\t\t\t<\/figure>\n\n\t\t\t\t\t\t\t<\/div>\n\t\t\t\t\t\t<\/div>\n\t\t\t\t<\/div>\n\t\t\t\t\t<\/div>\n\t\t<\/div>\n\t\t\t\t<div class=\"elementor-column elementor-col-50 elementor-top-column elementor-element elementor-element-b8b5075\" data-id=\"b8b5075\" data-element_type=\"column\">\n\t\t\t<div class=\"elementor-widget-wrap elementor-element-populated\">\n\t\t\t\t\t\t<div class=\"elementor-element elementor-element-3a5a684d xts-width-100 elementor-widget elementor-widget-xts_title\" data-id=\"3a5a684d\" data-element_type=\"widget\" data-widget_type=\"xts_title.default\">\n\t\t\t\t<div class=\"elementor-widget-container\">\n\t\t\t\t\t\t\t\t<div class=\"xts-section-heading xts-reset-mb-10 xts-reset-last xts-textalign-left\" data-animation-delay=\"\">\n\t\t\t\t\n\t\t\t\t\t\t\t\t\t<h4 class=\"xts-section-title title xts-design-default xts-fontsize-xl\">\n\t\t\t\t\t\t<span class=\"xts-section-title-text\" data-elementor-setting-key=\"title\">\n\t\t\t\t\t\t\tLinen Effect\t\t\t\t\t\t<\/span>\n\n\t\t\t\t\t\t\t\t\t\t\t<\/h4>\n\t\t\t\t\n\t\t\t\t\n\t\t\t\t\t\t\t<\/div>\n\t\t\t\t\t\t<\/div>\n\t\t\t\t<\/div>\n\t\t\t\t<div class=\"elementor-element elementor-element-70cf4630 elementor-widget-tablet__width-inherit xts-scheme-inherit xts-textalign-inherit elementor-widget elementor-widget-text-editor\" data-id=\"70cf4630\" data-element_type=\"widget\" data-widget_type=\"text-editor.default\">\n\t\t\t\t<div class=\"elementor-widget-container\">\n\t\t\t\t\t\t\t\t\t<p class=\"\" data-start=\"151\" data-end=\"598\">As Kempa\u015f \u0130plik, we lead the sector with special yarn designs that bring together aesthetics and functionality. Our linen effect yarn product combines the natural linen appearance with modern yarn technology. While imitating the simple and stylish appearance specific to linen fabrics by creating a slightly rough and matte texture on its surface, it also offers a softer and easier-to-use alternative to linen.<\/p><p class=\"\" data-start=\"600\" data-end=\"930\">This type of yarn is especially preferred in summer clothing, home textiles, decorative products and knitwear applications. Our linen effect yarn adds originality to designs with its cooling feature, natural appearance and lightness, while providing durable and comfortable use thanks to the quality fiber mixture used in the production of the yarn.<\/p><p class=\"\" data-start=\"932\" data-end=\"1225\">\u00a0<\/p>\t\t\t\t\t\t\t\t<\/div>\n\t\t\t\t<\/div>\n\t\t\t\t\t<\/div>\n\t\t<\/div>\n\t\t\t\t\t<\/div>\n\t\t<\/section>\n\t\t\t\t<section class=\"xts-negative-gap elementor-section elementor-top-section elementor-element elementor-element-ebbd7ef elementor-section-content-middle elementor-reverse-tablet elementor-reverse-mobile elementor-section-boxed elementor-section-height-default elementor-section-height-default xts-section-disabled\" data-id=\"ebbd7ef\" data-element_type=\"section\">\n\t\t\t\t\t\t<div class=\"elementor-container elementor-column-gap-wider\">\n\t\t\t\t\t<div class=\"elementor-column elementor-col-100 elementor-top-column elementor-element elementor-element-bde62d5\" data-id=\"bde62d5\" data-element_type=\"column\">\n\t\t\t<div class=\"elementor-widget-wrap elementor-element-populated\">\n\t\t\t\t\t\t<div class=\"elementor-element elementor-element-9ffdbab elementor-widget-tablet__width-inherit xts-textalign-center xts-scheme-inherit elementor-widget elementor-widget-text-editor\" data-id=\"9ffdbab\" data-element_type=\"widget\" data-widget_type=\"text-editor.default\">\n\t\t\t\t<div class=\"elementor-widget-container\">\n\t\t\t\t\t\t\t\t\t<p class=\"\" data-start=\"684\" data-end=\"1098\">As Kempa\u015f \u0130plik, we respond to the aesthetic and technical expectations of our customers with our innovative structure, and combine naturalness with modern production with our linen effect yarns. With this special type of yarn that we have added to our product range, you can add an elegant and sophisticated touch to your textile projects.<\/p>\t\t\t\t\t\t\t\t<\/div>\n\t\t\t\t<\/div>\n\t\t\t\t\t<\/div>\n\t\t<\/div>\n\t\t\t\t\t<\/div>\n\t\t<\/section>\n\t\t\t\t<\/div>","protected":false},"excerpt":{"rendered":"<p>Keten Efekti Kempa\u015f \u0130plik olarak estetik ve i\u015flevselli\u011fi bir araya getiren \u00f6zel iplik tasar\u0131mlar\u0131yla sekt\u00f6re y\u00f6n veriyoruz. Keten efektli iplik \u00fcr\u00fcn\u00fcm\u00fcz, do\u011fal keten g\u00f6r\u00fcn\u00fcm\u00fcn\u00fc modern iplik teknolojisiyle bulu\u015fturur. Y\u00fczeyinde hafif p\u00fcr\u00fczl\u00fc ve mat bir doku olu\u015fturarak keten kuma\u015flara \u00f6zg\u00fc sade ve \u015f\u0131k g\u00f6r\u00fcnt\u00fcy\u00fc taklit ederken, ayn\u0131 zamanda ketene g\u00f6re daha yumu\u015fak ve kullan\u0131m\u0131 kolay bir [&hellip;]<\/p>","protected":false},"author":1,"featured_media":0,"parent":0,"menu_order":0,"comment_status":"closed","ping_status":"closed","template":"","meta":{"footnotes":""},"class_list":["post-3364","page","type-page","status-publish","hentry"],"_links":{"self":[{"href":"https:\/\/kempasiplik.com\/en\/wp-json\/wp\/v2\/pages\/3364","targetHints":{"allow":["GET"]}}],"collection":[{"href":"https:\/\/kempasiplik.com\/en\/wp-json\/wp\/v2\/pages"}],"about":[{"href":"https:\/\/kempasiplik.com\/en\/wp-json\/wp\/v2\/types\/page"}],"author":[{"embeddable":true,"href":"https:\/\/kempasiplik.com\/en\/wp-json\/wp\/v2\/users\/1"}],"replies":[{"embeddable":true,"href":"https:\/\/kempasiplik.com\/en\/wp-json\/wp\/v2\/comments?post=3364"}],"version-history":[{"count":7,"href":"https:\/\/kempasiplik.com\/en\/wp-json\/wp\/v2\/pages\/3364\/revisions"}],"predecessor-version":[{"id":3371,"href":"https:\/\/kempasiplik.com\/en\/wp-json\/wp\/v2\/pages\/3364\/revisions\/3371"}],"wp:attachment":[{"href":"https:\/\/kempasiplik.com\/en\/wp-json\/wp\/v2\/media?parent=3364"}],"curies":[{"name":"wp","href":"https:\/\/api.w.org\/{rel}","templated":true}]}}